{"id":552,"date":"2024-05-29T18:32:00","date_gmt":"2024-05-29T16:32:00","guid":{"rendered":"http:\/\/dev.westendorf-landwirtschaft.de\/impressum\/"},"modified":"2026-02-20T10:31:22","modified_gmt":"2026-02-20T09:31:22","slug":"odcisk","status":"publish","type":"page","link":"https:\/\/www.westendorf-landwirtschaft.de\/pl\/odcisk\/","title":{"rendered":"Odcisk"},"content":{"rendered":"<div class=\"fusion-fullwidth fullwidth-box fusion-builder-row-1 fusion-flex-container has-pattern-background has-mask-background nonhundred-percent-fullwidth non-hundred-percent-height-scrolling\" style=\"--awb-border-radius-top-left:0px;--awb-border-radius-top-right:0px;--awb-border-radius-bottom-right:0px;--awb-border-radius-bottom-left:0px;--awb-margin-top:5%;--awb-margin-bottom:10%;--awb-flex-wrap:wrap;\" ><div class=\"fusion-builder-row fusion-row fusion-flex-align-items-flex-start fusion-flex-content-wrap\" style=\"max-width:1539.2px;margin-left: calc(-4% \/ 2 );margin-right: calc(-4% \/ 2 );\"><div class=\"fusion-layout-column fusion_builder_column fusion-builder-column-0 fusion_builder_column_1_1 1_1 fusion-flex-column\" style=\"--awb-bg-size:cover;--awb-width-large:100%;--awb-margin-top-large:0px;--awb-spacing-right-large:1.92%;--awb-margin-bottom-large:20px;--awb-spacing-left-large:1.92%;--awb-width-medium:100%;--awb-order-medium:0;--awb-spacing-right-medium:1.92%;--awb-spacing-left-medium:1.92%;--awb-width-small:100%;--awb-order-small:0;--awb-spacing-right-small:1.92%;--awb-spacing-left-small:1.92%;\"><div class=\"fusion-column-wrapper fusion-column-has-shadow fusion-flex-justify-content-flex-start fusion-content-layout-column\"><div class=\"fusion-title title fusion-title-1 fusion-sep-none fusion-title-text fusion-title-size-one\"><h1 class=\"fusion-title-heading title-heading-left\" style=\"margin:0;\">Odcisk<\/h1><\/div><div class=\"fusion-text fusion-text-1\"><p>Westendorf Landwirtschaft GbR<br \/>\nDinklager Landstra\u00dfe 2<br \/>\n49393 Lohne<\/p>\n<p><strong>Reprezentowany przez:<\/strong><br \/>\nHubertus Herms-Westendorf<\/p>\n<h2>Kontakt<\/h2>\n<p>Telefon: +49 (0) 151 72 65 71 81<br \/>\nE-Mail: info@westendorf-landwirtschaft.de<\/p>\n<h2>Identyfikator podatkowy sprzeda\u017cy<\/h2>\n<p>Numer identyfikacyjny podatku od sprzeda\u017cy zgodnie z \u00a7 27 a ustawy o podatku od sprzeda\u017cy:<br \/>\nDE191488327<\/p>\n<h2>Rozstrzyganie spor\u00f3w konsumenckich\/uniwersalne centrum arbitra\u017cowe<\/h2>\n<p>Nie jeste\u015bmy sk\u0142onni ani zobowi\u0105zani do udzia\u0142u w post\u0119powaniu rozstrzygaj\u0105cym spory przed konsumenckim organem arbitra\u017cowym.<\/p>\n<\/div><\/div><\/div><\/div><\/div>\n","protected":false},"excerpt":{"rendered":"","protected":false},"author":1,"featured_media":0,"parent":0,"menu_order":0,"comment_status":"closed","ping_status":"open","template":"","meta":{"footnotes":""},"class_list":["post-552","page","type-page","status-publish","hentry"],"yoast_head":"<!-- This site is optimized with the Yoast SEO plugin v27.0 - https:\/\/yoast.com\/product\/yoast-seo-wordpress\/ -->\n<title>Odcisk - Westendorf Landwirtschaft<\/title>\n<meta name=\"robots\" content=\"index, follow, max-snippet:-1, max-image-preview:large, max-video-preview:-1\" \/>\n<link rel=\"canonical\" href=\"https:\/\/www.westendorf-landwirtschaft.de\/pl\/odcisk\/\" \/>\n<meta property=\"og:locale\" content=\"pl_PL\" \/>\n<meta property=\"og:type\" content=\"article\" \/>\n<meta property=\"og:title\" content=\"Odcisk - Westendorf Landwirtschaft\" \/>\n<meta property=\"og:url\" content=\"https:\/\/www.westendorf-landwirtschaft.de\/pl\/odcisk\/\" \/>\n<meta property=\"og:site_name\" content=\"Westendorf Landwirtschaft\" \/>\n<meta property=\"article:publisher\" content=\"https:\/\/www.facebook.com\/people\/Westendorf-Landwirtschaft\/61566351405779\/\" \/>\n<meta property=\"article:modified_time\" content=\"2026-02-20T09:31:22+00:00\" \/>\n<meta name=\"twitter:card\" content=\"summary_large_image\" \/>\n<meta name=\"twitter:label1\" content=\"Szacowany czas czytania\" \/>\n\t<meta name=\"twitter:data1\" content=\"1 minuta\" \/>\n<script type=\"application\/ld+json\" class=\"yoast-schema-graph\">{\"@context\":\"https:\/\/schema.org\",\"@graph\":[{\"@type\":\"WebPage\",\"@id\":\"https:\/\/www.westendorf-landwirtschaft.de\/pl\/odcisk\/\",\"url\":\"https:\/\/www.westendorf-landwirtschaft.de\/pl\/odcisk\/\",\"name\":\"Odcisk - Westendorf Landwirtschaft\",\"isPartOf\":{\"@id\":\"https:\/\/www.westendorf-landwirtschaft.de\/pl\/#website\"},\"datePublished\":\"2024-05-29T16:32:00+00:00\",\"dateModified\":\"2026-02-20T09:31:22+00:00\",\"breadcrumb\":{\"@id\":\"https:\/\/www.westendorf-landwirtschaft.de\/pl\/odcisk\/#breadcrumb\"},\"inLanguage\":\"pl-PL\",\"potentialAction\":[{\"@type\":\"ReadAction\",\"target\":[\"https:\/\/www.westendorf-landwirtschaft.de\/pl\/odcisk\/\"]}]},{\"@type\":\"BreadcrumbList\",\"@id\":\"https:\/\/www.westendorf-landwirtschaft.de\/pl\/odcisk\/#breadcrumb\",\"itemListElement\":[{\"@type\":\"ListItem\",\"position\":1,\"name\":\"Startseite\",\"item\":\"https:\/\/www.westendorf-landwirtschaft.de\/pl\/\"},{\"@type\":\"ListItem\",\"position\":2,\"name\":\"Odcisk\"}]},{\"@type\":\"WebSite\",\"@id\":\"https:\/\/www.westendorf-landwirtschaft.de\/pl\/#website\",\"url\":\"https:\/\/www.westendorf-landwirtschaft.de\/pl\/\",\"name\":\"Westendorf Landwirtschaft\",\"description\":\"Landwirtschaft in M\u00e4rschendorf: Schweinehaltung, Ackerbau und erneuerbare Energien. Nachhaltige Landwirtschaft mit Tradition und Zukunft.\",\"publisher\":{\"@id\":\"https:\/\/www.westendorf-landwirtschaft.de\/pl\/#organization\"},\"potentialAction\":[{\"@type\":\"SearchAction\",\"target\":{\"@type\":\"EntryPoint\",\"urlTemplate\":\"https:\/\/www.westendorf-landwirtschaft.de\/pl\/?s={search_term_string}\"},\"query-input\":{\"@type\":\"PropertyValueSpecification\",\"valueRequired\":true,\"valueName\":\"search_term_string\"}}],\"inLanguage\":\"pl-PL\"},{\"@type\":\"Organization\",\"@id\":\"https:\/\/www.westendorf-landwirtschaft.de\/pl\/#organization\",\"name\":\"Westendorf Landwirtschaft\",\"url\":\"https:\/\/www.westendorf-landwirtschaft.de\/pl\/\",\"logo\":{\"@type\":\"ImageObject\",\"inLanguage\":\"pl-PL\",\"@id\":\"https:\/\/www.westendorf-landwirtschaft.de\/pl\/#\/schema\/logo\/image\/\",\"url\":\"https:\/\/www.westendorf-landwirtschaft.de\/wp-content\/uploads\/2025\/01\/westendorf-landwirtschaft-logo-969.png\",\"contentUrl\":\"https:\/\/www.westendorf-landwirtschaft.de\/wp-content\/uploads\/2025\/01\/westendorf-landwirtschaft-logo-969.png\",\"width\":696,\"height\":696,\"caption\":\"Westendorf Landwirtschaft\"},\"image\":{\"@id\":\"https:\/\/www.westendorf-landwirtschaft.de\/pl\/#\/schema\/logo\/image\/\"},\"sameAs\":[\"https:\/\/www.facebook.com\/people\/Westendorf-Landwirtschaft\/61566351405779\/\",\"https:\/\/www.instagram.com\/teamwestendorflandwirtschaft\/\"]}]}<\/script>\n<!-- \/ Yoast SEO plugin. -->","yoast_head_json":{"title":"Odcisk - Westendorf Landwirtschaft","robots":{"index":"index","follow":"follow","max-snippet":"max-snippet:-1","max-image-preview":"max-image-preview:large","max-video-preview":"max-video-preview:-1"},"canonical":"https:\/\/www.westendorf-landwirtschaft.de\/pl\/odcisk\/","og_locale":"pl_PL","og_type":"article","og_title":"Odcisk - Westendorf Landwirtschaft","og_url":"https:\/\/www.westendorf-landwirtschaft.de\/pl\/odcisk\/","og_site_name":"Westendorf Landwirtschaft","article_publisher":"https:\/\/www.facebook.com\/people\/Westendorf-Landwirtschaft\/61566351405779\/","article_modified_time":"2026-02-20T09:31:22+00:00","twitter_card":"summary_large_image","twitter_misc":{"Szacowany czas czytania":"1 minuta"},"schema":{"@context":"https:\/\/schema.org","@graph":[{"@type":"WebPage","@id":"https:\/\/www.westendorf-landwirtschaft.de\/pl\/odcisk\/","url":"https:\/\/www.westendorf-landwirtschaft.de\/pl\/odcisk\/","name":"Odcisk - Westendorf Landwirtschaft","isPartOf":{"@id":"https:\/\/www.westendorf-landwirtschaft.de\/pl\/#website"},"datePublished":"2024-05-29T16:32:00+00:00","dateModified":"2026-02-20T09:31:22+00:00","breadcrumb":{"@id":"https:\/\/www.westendorf-landwirtschaft.de\/pl\/odcisk\/#breadcrumb"},"inLanguage":"pl-PL","potentialAction":[{"@type":"ReadAction","target":["https:\/\/www.westendorf-landwirtschaft.de\/pl\/odcisk\/"]}]},{"@type":"BreadcrumbList","@id":"https:\/\/www.westendorf-landwirtschaft.de\/pl\/odcisk\/#breadcrumb","itemListElement":[{"@type":"ListItem","position":1,"name":"Startseite","item":"https:\/\/www.westendorf-landwirtschaft.de\/pl\/"},{"@type":"ListItem","position":2,"name":"Odcisk"}]},{"@type":"WebSite","@id":"https:\/\/www.westendorf-landwirtschaft.de\/pl\/#website","url":"https:\/\/www.westendorf-landwirtschaft.de\/pl\/","name":"Westendorf Landwirtschaft","description":"Landwirtschaft in M\u00e4rschendorf: Schweinehaltung, Ackerbau und erneuerbare Energien. Nachhaltige Landwirtschaft mit Tradition und Zukunft.","publisher":{"@id":"https:\/\/www.westendorf-landwirtschaft.de\/pl\/#organization"},"potentialAction":[{"@type":"SearchAction","target":{"@type":"EntryPoint","urlTemplate":"https:\/\/www.westendorf-landwirtschaft.de\/pl\/?s={search_term_string}"},"query-input":{"@type":"PropertyValueSpecification","valueRequired":true,"valueName":"search_term_string"}}],"inLanguage":"pl-PL"},{"@type":"Organization","@id":"https:\/\/www.westendorf-landwirtschaft.de\/pl\/#organization","name":"Westendorf Landwirtschaft","url":"https:\/\/www.westendorf-landwirtschaft.de\/pl\/","logo":{"@type":"ImageObject","inLanguage":"pl-PL","@id":"https:\/\/www.westendorf-landwirtschaft.de\/pl\/#\/schema\/logo\/image\/","url":"https:\/\/www.westendorf-landwirtschaft.de\/wp-content\/uploads\/2025\/01\/westendorf-landwirtschaft-logo-969.png","contentUrl":"https:\/\/www.westendorf-landwirtschaft.de\/wp-content\/uploads\/2025\/01\/westendorf-landwirtschaft-logo-969.png","width":696,"height":696,"caption":"Westendorf Landwirtschaft"},"image":{"@id":"https:\/\/www.westendorf-landwirtschaft.de\/pl\/#\/schema\/logo\/image\/"},"sameAs":["https:\/\/www.facebook.com\/people\/Westendorf-Landwirtschaft\/61566351405779\/","https:\/\/www.instagram.com\/teamwestendorflandwirtschaft\/"]}]}},"_links":{"self":[{"href":"https:\/\/www.westendorf-landwirtschaft.de\/pl\/wp-json\/wp\/v2\/pages\/552","targetHints":{"allow":["GET"]}}],"collection":[{"href":"https:\/\/www.westendorf-landwirtschaft.de\/pl\/wp-json\/wp\/v2\/pages"}],"about":[{"href":"https:\/\/www.westendorf-landwirtschaft.de\/pl\/wp-json\/wp\/v2\/types\/page"}],"author":[{"embeddable":true,"href":"https:\/\/www.westendorf-landwirtschaft.de\/pl\/wp-json\/wp\/v2\/users\/1"}],"replies":[{"embeddable":true,"href":"https:\/\/www.westendorf-landwirtschaft.de\/pl\/wp-json\/wp\/v2\/comments?post=552"}],"version-history":[{"count":8,"href":"https:\/\/www.westendorf-landwirtschaft.de\/pl\/wp-json\/wp\/v2\/pages\/552\/revisions"}],"predecessor-version":[{"id":658,"href":"https:\/\/www.westendorf-landwirtschaft.de\/pl\/wp-json\/wp\/v2\/pages\/552\/revisions\/658"}],"wp:attachment":[{"href":"https:\/\/www.westendorf-landwirtschaft.de\/pl\/wp-json\/wp\/v2\/media?parent=552"}],"curies":[{"name":"wp","href":"https:\/\/api.w.org\/{rel}","templated":true}]}}